{"id":528,"date":"2020-03-31T10:58:29","date_gmt":"2020-03-31T10:58:29","guid":{"rendered":"http:\/\/sprakedit.com\/?page_id=528"},"modified":"2026-01-09T08:26:55","modified_gmt":"2026-01-09T08:26:55","slug":"what-my-clients-say","status":"publish","type":"page","link":"https:\/\/sprakedit.com\/?page_id=528","title":{"rendered":"Testimonials"},"content":{"rendered":"\n<blockquote class=\"wp-block-quote is-layout-flow wp-block-quote-is-layout-flow\">\n<p>&#8220;Tim \u00e4r angel\u00e4gen om att ha god kontakt med f\u00f6rfatteren, han har mycket lyh\u00f6rd f\u00f6r forfatterens budskap samt noggrann med att spr\u00e5ket ska h\u00e5lla kvalitet inom det specifika f\u00e4lt som forskning ber\u00f6r\u2026 utifr\u00e5n den nyfikenhet Tim har visat inf\u00f6r uppgiften och de olika \u00e4mnena kan jag starkt rekommendera honom som spr\u00e5kgranskare.&#8221; <em><strong>Kicki Skog, PhD, St\u00e4llf\u00f6retr\u00e4dande prefekt\u2014matematik\u00e4mnets och naturvetenskaps\u00e4mnenas didaktik, Stockholms Universitet<\/strong><\/em><\/p>\n<\/blockquote>\n\n\n\n<blockquote class=\"wp-block-quote is-layout-flow wp-block-quote-is-layout-flow\">\n<p>&#8220;Tack s\u00e5 j\u00e4ttemycket f\u00f6r din feedback och dina f\u00f6rslag p\u00e5 texten. Vi tycker att det \u00e4r j\u00e4ttekul att se hur texten lyfter flera sn\u00e4pp med hj\u00e4lp av din insats.&#8221; <em><strong>Kristofer Sidenvall\u2014Doktorand, H\u00f6gskolan Dalarna<\/strong><\/em><\/p>\n<cite><strong> <\/strong><\/cite><\/blockquote>\n\n\n\n<blockquote class=\"wp-block-quote is-layout-flow wp-block-quote-is-layout-flow\">\n<p>&#8220;As a doctoral student with English as my second language, it has been very valuable working with Tim. He has helped me to take&nbsp;my texts to a new, professional level.&#8221;<\/p>\n<cite><strong><em>Johannes Berggren, Doktorand<\/em><\/strong><\/cite><\/blockquote>\n\n\n\n<blockquote class=\"wp-block-quote is-layout-flow wp-block-quote-is-layout-flow\">\n<p>&#8220;Tim does a really good job. We are so pleased with the spr\u00e5kgranskning work he has done for us and recommend him to all our colleagues.&#8221;&nbsp;<\/p>\n<cite> <em><strong>Shu-Nu Chang Rundgren, PhD \u2014 Professor of Didactics,&nbsp;Department of Education, Stockholm University<\/strong><\/em> <\/cite><\/blockquote>\n\n\n\n<blockquote class=\"wp-block-quote is-layout-flow wp-block-quote-is-layout-flow\">\n<p>&#8220;I have no hesitation in recommending Tim for any English language editing assignment, not only because of his exceptional editing skills, but because he combines this with an empathic, engaged, committed personality. Put simply, he gets jobs done and gets them done well.&#8221;<\/p>\n<cite> <em><strong>Wayne Hugo, PhD, Professor \u2014 School of Education, University of KwaZulu-Natal<\/strong><\/em> <\/cite><\/blockquote>\n\n\n\n<blockquote class=\"wp-block-quote is-layout-flow wp-block-quote-is-layout-flow\">\n<p>&#8220;Tusen tack Tim! Tack \u00e4n en g\u00e5ng f\u00f6r ett fantastiskt arbete med min text! Ditt arbete \u00e4r guld v\u00e4rt.&#8221;<\/p>\n<cite><strong>Maria Weiland\u2014Doktorand, Stockholms universitet<\/strong><\/cite><\/blockquote>\n\n\n\n<div style=\"height:100px\" aria-hidden=\"true\" class=\"wp-block-spacer\"><\/div>\n","protected":false},"excerpt":{"rendered":"<p>&#8220;Tim \u00e4r angel\u00e4gen om att ha god kontakt med f\u00f6rfatteren, han har mycket lyh\u00f6rd f\u00f6r forfatterens budskap samt noggrann med att spr\u00e5ket ska h\u00e5lla kvalitet inom det specifika f\u00e4lt som forskning ber\u00f6r\u2026 utifr\u00e5n den nyfikenhet Tim har visat inf\u00f6r uppgiften<\/p>\n","protected":false},"author":1,"featured_media":0,"parent":0,"menu_order":0,"comment_status":"closed","ping_status":"closed","template":"","meta":{"footnotes":""},"class_list":["post-528","page","type-page","status-publish","hentry"],"_links":{"self":[{"href":"https:\/\/sprakedit.com\/index.php?rest_route=\/wp\/v2\/pages\/528","targetHints":{"allow":["GET"]}}],"collection":[{"href":"https:\/\/sprakedit.com\/index.php?rest_route=\/wp\/v2\/pages"}],"about":[{"href":"https:\/\/sprakedit.com\/index.php?rest_route=\/wp\/v2\/types\/page"}],"author":[{"embeddable":true,"href":"https:\/\/sprakedit.com\/index.php?rest_route=\/wp\/v2\/users\/1"}],"replies":[{"embeddable":true,"href":"https:\/\/sprakedit.com\/index.php?rest_route=%2Fwp%2Fv2%2Fcomments&post=528"}],"version-history":[{"count":12,"href":"https:\/\/sprakedit.com\/index.php?rest_route=\/wp\/v2\/pages\/528\/revisions"}],"predecessor-version":[{"id":905,"href":"https:\/\/sprakedit.com\/index.php?rest_route=\/wp\/v2\/pages\/528\/revisions\/905"}],"wp:attachment":[{"href":"https:\/\/sprakedit.com\/index.php?rest_route=%2Fwp%2Fv2%2Fmedia&parent=528"}],"curies":[{"name":"wp","href":"https:\/\/api.w.org\/{rel}","templated":true}]}}